{"id":3140,"date":"2025-06-19T03:15:41","date_gmt":"2025-06-19T03:15:41","guid":{"rendered":"https:\/\/toppandigital.com\/?page_id=3140"},"modified":"2025-08-08T11:22:41","modified_gmt":"2025-08-08T11:22:41","slug":"stream-ai-toppan-digital-language","status":"publish","type":"page","link":"https:\/\/toppandigital.com\/es\/","title":{"rendered":"P\u00e1gina de inicio"},"content":{"rendered":"","protected":false},"excerpt":{"rendered":"","protected":false},"author":5,"featured_media":0,"parent":0,"menu_order":0,"comment_status":"closed","ping_status":"closed","template":"templates\/home.php","meta":{"_acf_changed":false,"content-type":"","footnotes":""},"class_list":["post-3140","page","type-page","status-publish","hentry"],"acf":[],"yoast_head":"<!-- This site is optimized with the Yoast SEO plugin v27.2 - https:\/\/yoast.com\/product\/yoast-seo-wordpress\/ -->\n<title>P\u00e1gina de inicio - TOPPAN Digital Language<\/title>\n<meta name=\"description\" content=\"Impulsa tus flujos de trabajo multiling\u00fces y aumenta la eficiencia con nuestro s\u00f3lido sistema de gesti\u00f3n de traducciones mejorado en seguridad.\" \/>\n<meta name=\"robots\" content=\"index, follow, max-snippet:-1, max-image-preview:large, max-video-preview:-1\" \/>\n<link rel=\"canonical\" href=\"https:\/\/toppandigital.com\/es\/\" \/>\n<meta property=\"og:locale\" content=\"es_ES\" \/>\n<meta property=\"og:type\" content=\"article\" \/>\n<meta property=\"og:title\" content=\"P\u00e1gina de inicio - TOPPAN Digital Language\" \/>\n<meta property=\"og:description\" content=\"Impulsa tus flujos de trabajo multiling\u00fces y aumenta la eficiencia con nuestro s\u00f3lido sistema de gesti\u00f3n de traducciones mejorado en seguridad.\" \/>\n<meta property=\"og:url\" content=\"https:\/\/toppandigital.com\/es\/\" \/>\n<meta property=\"og:site_name\" content=\"TOPPAN Digital Language\" \/>\n<meta property=\"article:modified_time\" content=\"2025-08-08T11:22:41+00:00\" \/>\n<meta property=\"og:image\" content=\"https:\/\/toppandigital.com\/wp-content\/uploads\/2025\/07\/New-Website-Images_HomePage_Precision.png\" \/>\n\t<meta property=\"og:image:width\" content=\"1200\" \/>\n\t<meta property=\"og:image:height\" content=\"699\" \/>\n\t<meta property=\"og:image:type\" content=\"image\/png\" \/>\n<meta name=\"twitter:card\" content=\"summary_large_image\" \/>\n<!-- \/ Yoast SEO plugin. -->","yoast_head_json":{"title":"P\u00e1gina de inicio - TOPPAN Digital Language","description":"Impulsa tus flujos de trabajo multiling\u00fces y aumenta la eficiencia con nuestro s\u00f3lido sistema de gesti\u00f3n de traducciones mejorado en seguridad.","robots":{"index":"index","follow":"follow","max-snippet":"max-snippet:-1","max-image-preview":"max-image-preview:large","max-video-preview":"max-video-preview:-1"},"canonical":"https:\/\/toppandigital.com\/es\/","og_locale":"es_ES","og_type":"article","og_title":"P\u00e1gina de inicio - TOPPAN Digital Language","og_description":"Impulsa tus flujos de trabajo multiling\u00fces y aumenta la eficiencia con nuestro s\u00f3lido sistema de gesti\u00f3n de traducciones mejorado en seguridad.","og_url":"https:\/\/toppandigital.com\/es\/","og_site_name":"TOPPAN Digital Language","article_modified_time":"2025-08-08T11:22:41+00:00","og_image":[{"width":1200,"height":699,"url":"https:\/\/toppandigital.com\/wp-content\/uploads\/2025\/07\/New-Website-Images_HomePage_Precision.png","type":"image\/png"}],"twitter_card":"summary_large_image","schema":{"@context":"https:\/\/schema.org","@graph":[{"@type":"WebPage","@id":"https:\/\/toppandigital.com\/es\/","url":"https:\/\/toppandigital.com\/es\/","name":"P\u00e1gina de inicio - TOPPAN Digital Language","isPartOf":{"@id":"https:\/\/toppandigital.com\/es\/#website"},"datePublished":"2025-06-19T03:15:41+00:00","dateModified":"2025-08-08T11:22:41+00:00","description":"Impulsa tus flujos de trabajo multiling\u00fces y aumenta la eficiencia con nuestro s\u00f3lido sistema de gesti\u00f3n de traducciones mejorado en seguridad.","breadcrumb":{"@id":"https:\/\/toppandigital.com\/es\/#breadcrumb"},"inLanguage":"es","potentialAction":[{"@type":"ReadAction","target":["https:\/\/toppandigital.com\/es\/"]}]},{"@type":"BreadcrumbList","@id":"https:\/\/toppandigital.com\/es\/#breadcrumb","itemListElement":[{"@type":"ListItem","position":1,"name":"Home","item":"https:\/\/toppandigital.com\/es\/"},{"@type":"ListItem","position":2,"name":"P\u00e1gina de inicio"}]},{"@type":"WebSite","@id":"https:\/\/toppandigital.com\/es\/#website","url":"https:\/\/toppandigital.com\/es\/","name":"TOPPAN Digital Language","description":"","potentialAction":[{"@type":"SearchAction","target":{"@type":"EntryPoint","urlTemplate":"https:\/\/toppandigital.com\/es\/?s={search_term_string}"},"query-input":{"@type":"PropertyValueSpecification","valueRequired":true,"valueName":"search_term_string"}}],"inLanguage":"es"}]}},"_links":{"self":[{"href":"https:\/\/toppandigital.com\/es\/wp-json\/wp\/v2\/pages\/3140","targetHints":{"allow":["GET"]}}],"collection":[{"href":"https:\/\/toppandigital.com\/es\/wp-json\/wp\/v2\/pages"}],"about":[{"href":"https:\/\/toppandigital.com\/es\/wp-json\/wp\/v2\/types\/page"}],"author":[{"embeddable":true,"href":"https:\/\/toppandigital.com\/es\/wp-json\/wp\/v2\/users\/5"}],"replies":[{"embeddable":true,"href":"https:\/\/toppandigital.com\/es\/wp-json\/wp\/v2\/comments?post=3140"}],"version-history":[{"count":45,"href":"https:\/\/toppandigital.com\/es\/wp-json\/wp\/v2\/pages\/3140\/revisions"}],"predecessor-version":[{"id":4959,"href":"https:\/\/toppandigital.com\/es\/wp-json\/wp\/v2\/pages\/3140\/revisions\/4959"}],"wp:attachment":[{"href":"https:\/\/toppandigital.com\/es\/wp-json\/wp\/v2\/media?parent=3140"}],"curies":[{"name":"wp","href":"https:\/\/api.w.org\/{rel}","templated":true}]}}