{"id":4148,"date":"2025-06-18T02:34:20","date_gmt":"2025-06-18T02:34:20","guid":{"rendered":"https:\/\/toppandigital.com\/?page_id=4148"},"modified":"2025-08-08T10:59:22","modified_gmt":"2025-08-08T10:59:22","slug":"trabaja-con-nosotros","status":"publish","type":"page","link":"https:\/\/toppandigital.com\/es\/trabaja-con-nosotros\/","title":{"rendered":"Trabaja con nosotros"},"content":{"rendered":"","protected":false},"excerpt":{"rendered":"","protected":false},"author":3,"featured_media":0,"parent":0,"menu_order":0,"comment_status":"closed","ping_status":"closed","template":"templates\/join-us.php","meta":{"_acf_changed":false,"content-type":"","footnotes":""},"class_list":["post-4148","page","type-page","status-publish","hentry"],"acf":[],"yoast_head":"<!-- This site is optimized with the Yoast SEO plugin v27.2 - https:\/\/yoast.com\/product\/yoast-seo-wordpress\/ -->\n<title>Trabaja con nosotros - TOPPAN Digital Language<\/title>\n<meta name=\"description\" content=\"\u00danete a un equipo global que est\u00e1 dando forma al futuro de la comunicaci\u00f3n multiling\u00fce. Descubre nuestras vacantes y haz crecer tu carrera en Toppan Digital Language.\" \/>\n<meta name=\"robots\" content=\"index, follow, max-snippet:-1, max-image-preview:large, max-video-preview:-1\" \/>\n<link rel=\"canonical\" href=\"https:\/\/toppandigital.com\/es\/trabaja-con-nosotros\/\" \/>\n<meta property=\"og:locale\" content=\"es_ES\" \/>\n<meta property=\"og:type\" content=\"article\" \/>\n<meta property=\"og:title\" content=\"Trabaja con nosotros - TOPPAN Digital Language\" \/>\n<meta property=\"og:description\" content=\"\u00danete a un equipo global que est\u00e1 dando forma al futuro de la comunicaci\u00f3n multiling\u00fce. Descubre nuestras vacantes y haz crecer tu carrera en Toppan Digital Language.\" \/>\n<meta property=\"og:url\" content=\"https:\/\/toppandigital.com\/es\/trabaja-con-nosotros\/\" \/>\n<meta property=\"og:site_name\" content=\"TOPPAN Digital Language\" \/>\n<meta property=\"article:modified_time\" content=\"2025-08-08T10:59:22+00:00\" \/>\n<meta property=\"og:image\" content=\"https:\/\/toppandigital.com\/wp-content\/uploads\/2025\/07\/New-Website-Images_HomePage_Precision.png\" \/>\n\t<meta property=\"og:image:width\" content=\"1200\" \/>\n\t<meta property=\"og:image:height\" content=\"699\" \/>\n\t<meta property=\"og:image:type\" content=\"image\/png\" \/>\n<meta name=\"twitter:card\" content=\"summary_large_image\" \/>\n<!-- \/ Yoast SEO plugin. -->","yoast_head_json":{"title":"Trabaja con nosotros - TOPPAN Digital Language","description":"\u00danete a un equipo global que est\u00e1 dando forma al futuro de la comunicaci\u00f3n multiling\u00fce. Descubre nuestras vacantes y haz crecer tu carrera en Toppan Digital Language.","robots":{"index":"index","follow":"follow","max-snippet":"max-snippet:-1","max-image-preview":"max-image-preview:large","max-video-preview":"max-video-preview:-1"},"canonical":"https:\/\/toppandigital.com\/es\/trabaja-con-nosotros\/","og_locale":"es_ES","og_type":"article","og_title":"Trabaja con nosotros - TOPPAN Digital Language","og_description":"\u00danete a un equipo global que est\u00e1 dando forma al futuro de la comunicaci\u00f3n multiling\u00fce. Descubre nuestras vacantes y haz crecer tu carrera en Toppan Digital Language.","og_url":"https:\/\/toppandigital.com\/es\/trabaja-con-nosotros\/","og_site_name":"TOPPAN Digital Language","article_modified_time":"2025-08-08T10:59:22+00:00","og_image":[{"width":1200,"height":699,"url":"https:\/\/toppandigital.com\/wp-content\/uploads\/2025\/07\/New-Website-Images_HomePage_Precision.png","type":"image\/png"}],"twitter_card":"summary_large_image","schema":{"@context":"https:\/\/schema.org","@graph":[{"@type":"WebPage","@id":"https:\/\/toppandigital.com\/es\/trabaja-con-nosotros\/","url":"https:\/\/toppandigital.com\/es\/trabaja-con-nosotros\/","name":"Trabaja con nosotros - TOPPAN Digital Language","isPartOf":{"@id":"https:\/\/toppandigital.com\/es\/#website"},"datePublished":"2025-06-18T02:34:20+00:00","dateModified":"2025-08-08T10:59:22+00:00","description":"\u00danete a un equipo global que est\u00e1 dando forma al futuro de la comunicaci\u00f3n multiling\u00fce. Descubre nuestras vacantes y haz crecer tu carrera en Toppan Digital Language.","breadcrumb":{"@id":"https:\/\/toppandigital.com\/es\/trabaja-con-nosotros\/#breadcrumb"},"inLanguage":"es","potentialAction":[{"@type":"ReadAction","target":["https:\/\/toppandigital.com\/es\/trabaja-con-nosotros\/"]}]},{"@type":"BreadcrumbList","@id":"https:\/\/toppandigital.com\/es\/trabaja-con-nosotros\/#breadcrumb","itemListElement":[{"@type":"ListItem","position":1,"name":"Home","item":"https:\/\/toppandigital.com\/es\/"},{"@type":"ListItem","position":2,"name":"Trabaja con nosotros"}]},{"@type":"WebSite","@id":"https:\/\/toppandigital.com\/es\/#website","url":"https:\/\/toppandigital.com\/es\/","name":"TOPPAN Digital Language","description":"","potentialAction":[{"@type":"SearchAction","target":{"@type":"EntryPoint","urlTemplate":"https:\/\/toppandigital.com\/es\/?s={search_term_string}"},"query-input":{"@type":"PropertyValueSpecification","valueRequired":true,"valueName":"search_term_string"}}],"inLanguage":"es"}]}},"_links":{"self":[{"href":"https:\/\/toppandigital.com\/es\/wp-json\/wp\/v2\/pages\/4148","targetHints":{"allow":["GET"]}}],"collection":[{"href":"https:\/\/toppandigital.com\/es\/wp-json\/wp\/v2\/pages"}],"about":[{"href":"https:\/\/toppandigital.com\/es\/wp-json\/wp\/v2\/types\/page"}],"author":[{"embeddable":true,"href":"https:\/\/toppandigital.com\/es\/wp-json\/wp\/v2\/users\/3"}],"replies":[{"embeddable":true,"href":"https:\/\/toppandigital.com\/es\/wp-json\/wp\/v2\/comments?post=4148"}],"version-history":[{"count":22,"href":"https:\/\/toppandigital.com\/es\/wp-json\/wp\/v2\/pages\/4148\/revisions"}],"predecessor-version":[{"id":4939,"href":"https:\/\/toppandigital.com\/es\/wp-json\/wp\/v2\/pages\/4148\/revisions\/4939"}],"wp:attachment":[{"href":"https:\/\/toppandigital.com\/es\/wp-json\/wp\/v2\/media?parent=4148"}],"curies":[{"name":"wp","href":"https:\/\/api.w.org\/{rel}","templated":true}]}}