{"id":4310,"date":"2025-06-02T09:17:16","date_gmt":"2025-06-02T09:17:16","guid":{"rendered":"https:\/\/toppandigital.com\/?page_id=4310"},"modified":"2025-10-22T10:32:37","modified_gmt":"2025-10-22T10:32:37","slug":"contactenos","status":"publish","type":"page","link":"https:\/\/toppandigital.com\/es\/contactenos\/","title":{"rendered":"Cont\u00e1ctenos"},"content":{"rendered":"","protected":false},"excerpt":{"rendered":"","protected":false},"author":2,"featured_media":0,"parent":0,"menu_order":0,"comment_status":"closed","ping_status":"closed","template":"templates\/get-in-touch.php","meta":{"_acf_changed":false,"content-type":"","footnotes":""},"class_list":["post-4310","page","type-page","status-publish","hentry"],"acf":[],"yoast_head":"<!-- This site is optimized with the Yoast SEO plugin v27.2 - https:\/\/yoast.com\/product\/yoast-seo-wordpress\/ -->\n<title>Cont\u00e1ctenos - TOPPAN Digital Language<\/title>\n<meta name=\"description\" content=\"Ponte en contacto con Toppan Digital Language para soluciones de traducci\u00f3n, localizaci\u00f3n y IA que mejoran la calidad y reducen riesgos. Te responderemos r\u00e1pido.\" \/>\n<meta name=\"robots\" content=\"index, follow, max-snippet:-1, max-image-preview:large, max-video-preview:-1\" \/>\n<link rel=\"canonical\" href=\"https:\/\/toppandigital.com\/es\/contactenos\/\" \/>\n<meta property=\"og:locale\" content=\"es_ES\" \/>\n<meta property=\"og:type\" content=\"article\" \/>\n<meta property=\"og:title\" content=\"Cont\u00e1ctenos - TOPPAN Digital Language\" \/>\n<meta property=\"og:description\" content=\"Ponte en contacto con Toppan Digital Language para soluciones de traducci\u00f3n, localizaci\u00f3n y IA que mejoran la calidad y reducen riesgos. Te responderemos r\u00e1pido.\" \/>\n<meta property=\"og:url\" content=\"https:\/\/toppandigital.com\/es\/contactenos\/\" \/>\n<meta property=\"og:site_name\" content=\"TOPPAN Digital Language\" \/>\n<meta property=\"article:modified_time\" content=\"2025-10-22T10:32:37+00:00\" \/>\n<meta property=\"og:image\" content=\"https:\/\/toppandigital.com\/wp-content\/uploads\/2025\/07\/New-Website-Images_HomePage_Precision.png\" \/>\n\t<meta property=\"og:image:width\" content=\"1200\" \/>\n\t<meta property=\"og:image:height\" content=\"699\" \/>\n\t<meta property=\"og:image:type\" content=\"image\/png\" \/>\n<meta name=\"twitter:card\" content=\"summary_large_image\" \/>\n<!-- \/ Yoast SEO plugin. -->","yoast_head_json":{"title":"Cont\u00e1ctenos - TOPPAN Digital Language","description":"Ponte en contacto con Toppan Digital Language para soluciones de traducci\u00f3n, localizaci\u00f3n y IA que mejoran la calidad y reducen riesgos. Te responderemos r\u00e1pido.","robots":{"index":"index","follow":"follow","max-snippet":"max-snippet:-1","max-image-preview":"max-image-preview:large","max-video-preview":"max-video-preview:-1"},"canonical":"https:\/\/toppandigital.com\/es\/contactenos\/","og_locale":"es_ES","og_type":"article","og_title":"Cont\u00e1ctenos - TOPPAN Digital Language","og_description":"Ponte en contacto con Toppan Digital Language para soluciones de traducci\u00f3n, localizaci\u00f3n y IA que mejoran la calidad y reducen riesgos. Te responderemos r\u00e1pido.","og_url":"https:\/\/toppandigital.com\/es\/contactenos\/","og_site_name":"TOPPAN Digital Language","article_modified_time":"2025-10-22T10:32:37+00:00","og_image":[{"width":1200,"height":699,"url":"https:\/\/toppandigital.com\/wp-content\/uploads\/2025\/07\/New-Website-Images_HomePage_Precision.png","type":"image\/png"}],"twitter_card":"summary_large_image","schema":{"@context":"https:\/\/schema.org","@graph":[{"@type":"WebPage","@id":"https:\/\/toppandigital.com\/es\/contactenos\/","url":"https:\/\/toppandigital.com\/es\/contactenos\/","name":"Cont\u00e1ctenos - TOPPAN Digital Language","isPartOf":{"@id":"https:\/\/toppandigital.com\/es\/#website"},"datePublished":"2025-06-02T09:17:16+00:00","dateModified":"2025-10-22T10:32:37+00:00","description":"Ponte en contacto con Toppan Digital Language para soluciones de traducci\u00f3n, localizaci\u00f3n y IA que mejoran la calidad y reducen riesgos. Te responderemos r\u00e1pido.","breadcrumb":{"@id":"https:\/\/toppandigital.com\/es\/contactenos\/#breadcrumb"},"inLanguage":"es","potentialAction":[{"@type":"ReadAction","target":["https:\/\/toppandigital.com\/es\/contactenos\/"]}]},{"@type":"BreadcrumbList","@id":"https:\/\/toppandigital.com\/es\/contactenos\/#breadcrumb","itemListElement":[{"@type":"ListItem","position":1,"name":"Home","item":"https:\/\/toppandigital.com\/es\/"},{"@type":"ListItem","position":2,"name":"Cont\u00e1ctenos"}]},{"@type":"WebSite","@id":"https:\/\/toppandigital.com\/es\/#website","url":"https:\/\/toppandigital.com\/es\/","name":"TOPPAN Digital Language","description":"","potentialAction":[{"@type":"SearchAction","target":{"@type":"EntryPoint","urlTemplate":"https:\/\/toppandigital.com\/es\/?s={search_term_string}"},"query-input":{"@type":"PropertyValueSpecification","valueRequired":true,"valueName":"search_term_string"}}],"inLanguage":"es"}]}},"_links":{"self":[{"href":"https:\/\/toppandigital.com\/es\/wp-json\/wp\/v2\/pages\/4310","targetHints":{"allow":["GET"]}}],"collection":[{"href":"https:\/\/toppandigital.com\/es\/wp-json\/wp\/v2\/pages"}],"about":[{"href":"https:\/\/toppandigital.com\/es\/wp-json\/wp\/v2\/types\/page"}],"author":[{"embeddable":true,"href":"https:\/\/toppandigital.com\/es\/wp-json\/wp\/v2\/users\/2"}],"replies":[{"embeddable":true,"href":"https:\/\/toppandigital.com\/es\/wp-json\/wp\/v2\/comments?post=4310"}],"version-history":[{"count":7,"href":"https:\/\/toppandigital.com\/es\/wp-json\/wp\/v2\/pages\/4310\/revisions"}],"predecessor-version":[{"id":5178,"href":"https:\/\/toppandigital.com\/es\/wp-json\/wp\/v2\/pages\/4310\/revisions\/5178"}],"wp:attachment":[{"href":"https:\/\/toppandigital.com\/es\/wp-json\/wp\/v2\/media?parent=4310"}],"curies":[{"name":"wp","href":"https:\/\/api.w.org\/{rel}","templated":true}]}}